{"id":424,"date":"2022-10-22T23:57:17","date_gmt":"2022-10-22T21:57:17","guid":{"rendered":"https:\/\/makellos-haiterbach.de\/?page_id=424"},"modified":"2022-10-22T23:59:49","modified_gmt":"2022-10-22T21:59:49","slug":"impressum-datenschutz","status":"publish","type":"page","link":"https:\/\/makellos-haiterbach.de\/?page_id=424","title":{"rendered":"Impressum &#038; Datenschutz"},"content":{"rendered":"<div id=\"pl-424\"  class=\"panel-layout\" ><div id=\"pg-424-0\"  class=\"panel-grid panel-no-style\" ><div id=\"pgc-424-0-0\"  class=\"panel-grid-cell panel-grid-cell-empty\" ><\/div><div id=\"pgc-424-0-1\"  class=\"panel-grid-cell panel-grid-cell-mobile-last\" ><div id=\"panel-424-0-1-0\" class=\"so-panel widget widget_sow-editor panel-first-child panel-last-child\" data-index=\"0\" ><div\n\t\t\t\n\t\t\tclass=\"so-widget-sow-editor so-widget-sow-editor-base\"\n\t\t\t\n\t\t>\n<div class=\"siteorigin-widget-tinymce textwidget\">\n\t<h4 style=\"text-align: center;\"><b>IMPRESSUM<\/b><\/h4>\n<p style=\"text-align: center;\"><b><\/b><br \/>\n<b>Inhaberin:<\/b><\/p>\n<p style=\"text-align: center;\">Alena Laner<\/p>\n<p style=\"text-align: center;\"><b>Kontakt:<\/b><\/p>\n<p style=\"text-align: center;\">Telefon: +49 1578 6600179<br \/>\nE-Mail: kontakt@makellos-haiterbach.de<\/p>\n<p style=\"text-align: center;\"><b>Verantwortliche f\u00fcr journalistisch-redaktionelle Texte:<\/b><br \/>\nAlena Laner<\/p>\n<hr width=\"600px\" \/>\n<h4 style=\"text-align: center;\"><b>DATENSCHUTZERKL\u00c4RUNG<\/b><\/h4>\n<p style=\"text-align: center;\"><b><\/b><br \/>\n<b>Grundlegendes:<\/b><\/p>\n<p style=\"text-align: center;\">Diese Datenschutzerkl\u00e4rung soll die Nutzer dieser Website \u00fcber die Art, den Umfang und den Zweck der Erhebung und Verwendung personenbezogener Daten durch den Websitebetreiber Makellos (Inh. Alena Laner) informieren.<\/p>\n<p>Der Websitebetreiber nimmt Ihren Datenschutz sehr ernst und behandelt Ihre personenbezogenen Daten vertraulich und entsprechend der gesetzlichen Vorschriften. Da durch neue Technologien und die st\u00e4ndige Weiterentwicklung dieser Webseite \u00c4nderungen an dieser Datenschutzerkl\u00e4rung vorgenommen werden k\u00f6nnen, empfehlen wir Ihnen sich die Datenschutzerkl\u00e4rung in regelm\u00e4\u00dfigen Abst\u00e4nden wieder durchzulesen.<\/p>\n<p>Definitionen der verwendeten Begriffe (z.B. \u201cpersonenbezogene Daten\u201d oder \u201cVerarbeitung\u201d) finden Sie in Art. 4 DSGVO.<\/p>\n<p><b>Zugriffsdaten:<\/b><br \/>\nWir, der Websitebetreiber bzw. Seitenprovider, erheben aufgrund unseres berechtigten Interesses (s. Art. 6 Abs. 1 lit. f. DSGVO) Daten \u00fcber Zugriffe auf die Website und speichern diese als \u201cServer-Logfiles\u201d auf dem Server der Website ab. Folgende Daten werden so protokolliert:<br \/>\n\u2022 Besuchte Website<br \/>\n\u2022 Uhrzeit zum Zeitpunkt des Zugriffes<br \/>\n\u2022 Menge der gesendeten Daten in Byte<br \/>\n\u2022 Quelle\/Verweis, von welchem Sie auf die Seite gelangten<br \/>\n\u2022 Verwendeter Browser<br \/>\n\u2022 Verwendetes Betriebssystem<br \/>\n\u2022 Verwendete IP-Adresse<br \/>\nDie Server-Logfiles werden f\u00fcr maximal 7 Tage gespeichert und anschlie\u00dfend gel\u00f6scht. Die Speicherung der Daten erfolgt aus Sicherheitsgr\u00fcnden, um z. B. Missbrauchsf\u00e4lle aufkl\u00e4ren zu k\u00f6nnen. M\u00fcssen Daten aus Beweisgr\u00fcnden aufgehoben werden, sind sie solange von der L\u00f6schung ausgenommen bis der Vorfall endg\u00fcltig gekl\u00e4rt ist.<\/p>\n<p><b>Reichweitenmessung und Cookies:<\/b><br \/>\nDiese Website verwendet Cookies zur pseudonymisierten Reichweitenmessung, die entweder von unserem Server oder dem Server Dritter an den Browser des Nutzers \u00fcbertragen werden. Bei Cookies handelt es sich um kleine Dateien, welche auf Ihrem Endger\u00e4t gespeichert werden. Ihr Browser greift auf diese Dateien zu. Durch den Einsatz von Cookies erh\u00f6ht sich die Benutzerfreundlichkeit und Sicherheit dieser Website.<\/p>\n<p>Falls Sie nicht m\u00f6chten, dass Cookies zur Reichweitenmessung auf Ihrem Endger\u00e4t gespeichert werden, k\u00f6nnen Sie dem Einsatz dieser Dateien hier widersprechen:<\/p>\n<p>Cookie-Deaktivierungsseite der Netzwerkwerbeinitiative:<br \/>\n\u2022 http:\/\/optout.networkadvertising.org\/?c=1#!\/<br \/>\n\u2022 Cookie-Deaktivierungsseite der US-amerikanischen Website:<br \/>\nhttp:\/\/optout.aboutads.info\/?c=2#!\/<br \/>\n\u2022 Cookie-Deaktivierungsseite der europ\u00e4ischen Website:<br \/>\nhttp:\/\/optout.networkadvertising.org\/?c=1#!\/<br \/>\nG\u00e4ngige Browser bieten die Einstellungsoption, Cookies nicht zuzulassen. Hinweis: Es ist nicht gew\u00e4hrleistet, dass Sie auf alle Funktionen dieser Website ohne Einschr\u00e4nkungen zugreifen k\u00f6nnen, wenn Sie entsprechende Einstellungen vornehmen.<\/p>\n<p><b>Rechte des Nutzers:<\/b><br \/>\nSie haben als Nutzer das Recht, auf Antrag eine kostenlose Auskunft dar\u00fcber zu erhalten, welche personenbezogenen Daten \u00fcber Sie gespeichert wurden. Sie haben au\u00dferdem das Recht auf Berichtigung falscher Daten und auf die Verarbeitungseinschr\u00e4nkung oder L\u00f6schung Ihrer personenbezogenen Daten. Falls zutreffend, k\u00f6nnen Sie auch Ihr Recht auf Datenportabilit\u00e4t geltend machen. Sollten Sie annehmen, dass Ihre Daten unrechtm\u00e4\u00dfig verarbeitet wurden, k\u00f6nnen Sie eine Beschwerde bei der zust\u00e4ndigen Aufsichtsbeh\u00f6rde einreichen.<\/p>\n<p><b>L\u00f6schung von Daten:<\/b><br \/>\nSofern Ihr Wunsch nicht mit einer gesetzlichen Pflicht zur Aufbewahrung von Daten (z. B. Vorratsdatenspeicherung) kollidiert, haben Sie ein Anrecht auf L\u00f6schung Ihrer Daten. Von uns gespeicherte Daten werden, sollten sie f\u00fcr ihre Zweckbestimmung nicht mehr vonn\u00f6ten sein und es keine gesetzlichen Aufbewahrungsfristen geben, gel\u00f6scht. Falls eine L\u00f6schung nicht durchgef\u00fchrt werden kann, da die Daten f\u00fcr zul\u00e4ssige gesetzliche Zwecke erforderlich sind, erfolgt eine Einschr\u00e4nkung der Datenverarbeitung. In diesem Fall werden die Daten gesperrt und nicht f\u00fcr andere Zwecke verarbeitet.<\/p>\n<p><b>Widerspruchsrecht:<\/b><br \/>\nNutzer dieser Webseite k\u00f6nnen von ihrem Widerspruchsrecht Gebrauch machen und der Verarbeitung ihrer personenbezogenen Daten zu jeder Zeit widersprechen.<\/p>\n<p>Wenn Sie eine Berichtigung, Sperrung, L\u00f6schung oder Auskunft \u00fcber die zu Ihrer Person gespeicherten personenbezogenen Daten w\u00fcnschen oder Fragen bzgl. der Erhebung, Verarbeitung oder Verwendung Ihrer personenbezogenen Daten haben oder erteilte Einwilligungen widerrufen m\u00f6chten, wenden Sie sich bitte an folgende E-Mail-Adresse: kontakt@makellos-haiterbach.de<\/p>\n<\/div>\n<\/div><\/div><\/div><div id=\"pgc-424-0-2\"  class=\"panel-grid-cell panel-grid-cell-empty\" ><\/div><\/div><\/div>","protected":false},"excerpt":{"rendered":"<p>IMPRESSUM Inhaberin: Alena Laner Kontakt: Telefon: +49 1578 6600179 E-Mail: kontakt@makellos-haiterbach.de Verantwortliche f\u00fcr journalistisch-redaktionelle Texte: Alena Laner DATENSCHUTZERKL\u00c4RUNG Grundlegendes: Diese Datenschutzerkl\u00e4rung soll die Nutzer dieser Website \u00fcber die Art, den Umfang und den Zweck der Erhebung und Verwendung personenbezogener Daten durch den Websitebetreiber Makellos (Inh. Alena Laner) informieren. Der Websitebetreiber nimmt Ihren Datenschutz sehr ernst [&hellip;]<\/p>\n","protected":false},"author":1,"featured_media":0,"parent":0,"menu_order":0,"comment_status":"closed","ping_status":"closed","template":"","meta":[],"_links":{"self":[{"href":"https:\/\/makellos-haiterbach.de\/index.php?rest_route=\/wp\/v2\/pages\/424"}],"collection":[{"href":"https:\/\/makellos-haiterbach.de\/index.php?rest_route=\/wp\/v2\/pages"}],"about":[{"href":"https:\/\/makellos-haiterbach.de\/index.php?rest_route=\/wp\/v2\/types\/page"}],"author":[{"embeddable":true,"href":"https:\/\/makellos-haiterbach.de\/index.php?rest_route=\/wp\/v2\/users\/1"}],"replies":[{"embeddable":true,"href":"https:\/\/makellos-haiterbach.de\/index.php?rest_route=%2Fwp%2Fv2%2Fcomments&post=424"}],"version-history":[{"count":2,"href":"https:\/\/makellos-haiterbach.de\/index.php?rest_route=\/wp\/v2\/pages\/424\/revisions"}],"predecessor-version":[{"id":426,"href":"https:\/\/makellos-haiterbach.de\/index.php?rest_route=\/wp\/v2\/pages\/424\/revisions\/426"}],"wp:attachment":[{"href":"https:\/\/makellos-haiterbach.de\/index.php?rest_route=%2Fwp%2Fv2%2Fmedia&parent=424"}],"curies":[{"name":"wp","href":"https:\/\/api.w.org\/{rel}","templated":true}]}}